{"id":1044,"date":"2020-03-21T12:11:55","date_gmt":"2020-03-21T10:11:55","guid":{"rendered":"http:\/\/mw-pec.bplaced.net\/wordpress\/?page_id=1044"},"modified":"2020-03-22T11:57:33","modified_gmt":"2020-03-22T10:57:33","slug":"kontakt","status":"publish","type":"page","link":"https:\/\/gloria-apotheke.de\/?page_id=1044","title":{"rendered":"Kontakt"},"content":{"rendered":"<h1 class=\"title\">Gloria-Apotheke Elena Lorenz e.K.<\/h1>\n<p>F\u00fcrstenrieder Stra\u00dfe 39<br \/>\n80686 M\u00fcnchen<\/p>\n<p><a href=\"tel:+49-089-565100\"><strong>+49 89 565100<\/strong><\/a><\/p>\n<p><strong><a href=\"mailto:info@gloria-apotheke.de\">info@gloria-apotheke.de<\/a><\/strong><\/p>\n","protected":false},"excerpt":{"rendered":"<p>Gloria-Apotheke Elena Lorenz e.K. F\u00fcrstenrieder Stra\u00dfe 39 80686 M\u00fcnchen +49 89 565100 info@gloria-apotheke.de<\/p>\n","protected":false},"author":1,"featured_media":0,"parent":0,"menu_order":0,"comment_status":"closed","ping_status":"closed","template":"","meta":{"footnotes":""},"class_list":["post-1044","page","type-page","status-publish","hentry"],"_links":{"self":[{"href":"https:\/\/gloria-apotheke.de\/index.php?rest_route=\/wp\/v2\/pages\/1044","targetHints":{"allow":["GET"]}}],"collection":[{"href":"https:\/\/gloria-apotheke.de\/index.php?rest_route=\/wp\/v2\/pages"}],"about":[{"href":"https:\/\/gloria-apotheke.de\/index.php?rest_route=\/wp\/v2\/types\/page"}],"author":[{"embeddable":true,"href":"https:\/\/gloria-apotheke.de\/index.php?rest_route=\/wp\/v2\/users\/1"}],"replies":[{"embeddable":true,"href":"https:\/\/gloria-apotheke.de\/index.php?rest_route=%2Fwp%2Fv2%2Fcomments&post=1044"}],"version-history":[{"count":1,"href":"https:\/\/gloria-apotheke.de\/index.php?rest_route=\/wp\/v2\/pages\/1044\/revisions"}],"predecessor-version":[{"id":1181,"href":"https:\/\/gloria-apotheke.de\/index.php?rest_route=\/wp\/v2\/pages\/1044\/revisions\/1181"}],"wp:attachment":[{"href":"https:\/\/gloria-apotheke.de\/index.php?rest_route=%2Fwp%2Fv2%2Fmedia&parent=1044"}],"curies":[{"name":"wp","href":"https:\/\/api.w.org\/{rel}","templated":true}]}}