{"id":1012,"date":"2020-03-21T10:40:23","date_gmt":"2020-03-21T08:40:23","guid":{"rendered":"https:\/\/www.gloria-apotheke.de\/?page_id=1012"},"modified":"2022-08-28T19:51:53","modified_gmt":"2022-08-28T17:51:53","slug":"impressum","status":"publish","type":"page","link":"https:\/\/gloria-apotheke.de\/?page_id=1012","title":{"rendered":"Impressum"},"content":{"rendered":"<h2 class=\"organization\"><b>Gloria-Apotheke<\/b>.<\/h2>\n<section class=\"organization\">F\u00fcrstenrieder Stra\u00dfe 39<\/section>\n<section class=\"organization\">80686 M\u00fcnchen<\/p>\n<dl>\n<dt><strong>Inhaber:\u00a0\u00a0 Apothekerin Elena Lorenz<\/strong><\/dt>\n<dt><strong>Telefon:\u00a0\u00a0 <\/strong><span class=\"hidden-xs\">089\/565100<\/span><\/dt>\n<dt><strong>Fax:\u00a0\u00a0\u00a0\u00a0\u00a0\u00a0\u00a0\u00a0\u00a0\u00a0 <span class=\"hidden-xs\">089\/562196<\/span><\/strong><\/dt>\n<dt>E-Mail:\u00a0\u00a0\u00a0\u00a0 <a class=\"emailAddress email\">info@gloria-apotheke.de<\/a><\/dt>\n<\/dl>\n<p><span class=\"hidden-xs\">\u00a0<\/span><\/p>\n<\/section>\n<section class=\"medical-devices-safety\">Unseren Beauftragten f\u00fcr die Medizinproduktesicherheit erreichen Sie unter <strong><a class=\"emailAddress email\">info@gloria-apotheke.de<\/a><\/strong>.<\/section>\n<section><\/section>\n<section><\/section>\n<section><\/section>\n<section><\/section>\n<section><\/section>\n<header>\n<h2><\/h2>\n<h3><strong>Angaben gem\u00e4\u00df \u00a7 5 des Telemediengesetzes<\/strong><\/h3>\n<\/header>\n<dl>\n<dt>Zust\u00e4ndige Apothekerkammer:<\/dt>\n<\/dl>\n<p>Bayerische Landesapothekerkammer<br \/>\nMaria-Theresia-Str. 28<br \/>\n81675M\u00fcnchen<\/p>\n<p>Es gilt die\u00a0<a href=\"http:\/\/www.blak.de\/apotheker-berufsordnung.html\">Berufsordnung<\/a>\u00a0f\u00fcr Apothekerinnen und Apotheker der oben genannten Apothekerkammer.<\/p>\n<p>Weitere berufsrechtliche Regelungen:\u00a0<a href=\"http:\/\/www.gesetze-im-internet.de\/apog\/\">Apothekengesetz<\/a>,\u00a0<a href=\"http:\/\/www.gesetze-im-internet.de\/apobetro_1987\/\">Apothekenbetriebsordnung<\/a>,\u00a0<a href=\"http:\/\/www.gesetze-im-internet.de\/bapo\/\">Bundes-Apothekerordnung<\/a>.<\/p>\n<p>Die gesetzliche Berufsbezeichnung Apotheker wurde in Deutschland erworben.<\/p>\n<dl>\n<dt>Aufsichtsbeh\u00f6rde:<\/dt>\n<dd>Regierung von Oberbayern, Maximilianstra\u00dfe 39, 80538 M\u00fcnchen<\/dd>\n<dt>Handelsregister:<\/dt>\n<dd>Amtsgericht M\u00fcnchen<\/dd>\n<dt>Handelsregister-Nr.:<\/dt>\n<dd>HRA76174<\/dd>\n<dt>USt. Ident-Nr:<\/dt>\n<dd>DE\u00a0 145 181 408<\/dd>\n<dt><\/dt>\n<dd><\/dd>\n<\/dl>\n<section><\/section>\n<h3><strong>Haftungshinweis<\/strong><\/h3>\n<section class=\"link-disclaimer\">Diese Homepage enth\u00e4lt Verkn\u00fcpfungen auf die Internetinhalte anderer Anbieter (im folgenden &#8222;Links&#8220; genannt). Die Nutzung eines Links auf diese Domain erfolgt auf eigene Gefahr, und Sie stimmen damit unserer (folgenden) Rechtsauffassung zu.Wir k\u00f6nnen unter keinen Umst\u00e4nden f\u00fcr die Inhalte anderer Anbieter verantwortlich gemacht werden. Ein Link bedeutet nicht automatisch die Zustimmung zu den Inhalten sondern ein Verweis auf (auch andere) Meinungen. Die Internetinhalte anderer Anbieter entziehen sich unserer Kontrolle. Deshalb \u00fcbernehmen wir keinerlei Verantwortung f\u00fcr diese.<\/section>\n<section><\/section>\n<section class=\"eu-odr-website-disclaimer\">F\u00fcr au\u00dfergerichtliche Beilegungen von verbraucherrechtlichen Streitigkeiten hat die Europ\u00e4ische Union eine Onlineplattform (\u201eOS-Plattform\u201c) eingerichtet, an die Sie sich wenden k\u00f6nnen. Die Plattform finden Sie unter\u00a0<a href=\"http:\/\/ec.europa.eu\/consumers\/odr\/\" target=\"_blank\" rel=\"noopener noreferrer\">http:\/\/ec.europa.eu\/consumers\/odr\/<\/a><\/section>\n<section class=\"dispute-resolution-disclaimer\">\n<header>\n<h2><\/h2>\n<h3><strong>Information nach dem Verbraucherstreitbeilegungsgesetz (VSBG)<\/strong><\/h3>\n<\/header>\n<p>Wir sind nicht bereit und nicht verpflichtet, an Streitbeilegungsverfahren vor einer Verbraucherschlichtungsstelle im Sinne des Verbraucherstreitbeilegungsgesetzes teilzunehmen.<\/p>\n<\/section>\n","protected":false},"excerpt":{"rendered":"<p>Gloria-Apotheke. F\u00fcrstenrieder Stra\u00dfe 39 80686 M\u00fcnchen Inhaber:\u00a0\u00a0 Apothekerin Elena Lorenz Telefon:\u00a0\u00a0 089\/565100 Fax:\u00a0\u00a0\u00a0\u00a0\u00a0\u00a0\u00a0\u00a0\u00a0\u00a0 089\/562196 E-Mail:\u00a0\u00a0\u00a0\u00a0 info@gloria-apotheke.de \u00a0 Unseren Beauftragten f\u00fcr die Medizinproduktesicherheit erreichen Sie unter info@gloria-apotheke.de. Angaben gem\u00e4\u00df \u00a7 5 des Telemediengesetzes Zust\u00e4ndige Apothekerkammer: Bayerische Landesapothekerkammer Maria-Theresia-Str. 28 81675M\u00fcnchen Es<\/p>\n","protected":false},"author":1,"featured_media":0,"parent":0,"menu_order":0,"comment_status":"closed","ping_status":"closed","template":"","meta":{"footnotes":""},"class_list":["post-1012","page","type-page","status-publish","hentry"],"_links":{"self":[{"href":"https:\/\/gloria-apotheke.de\/index.php?rest_route=\/wp\/v2\/pages\/1012","targetHints":{"allow":["GET"]}}],"collection":[{"href":"https:\/\/gloria-apotheke.de\/index.php?rest_route=\/wp\/v2\/pages"}],"about":[{"href":"https:\/\/gloria-apotheke.de\/index.php?rest_route=\/wp\/v2\/types\/page"}],"author":[{"embeddable":true,"href":"https:\/\/gloria-apotheke.de\/index.php?rest_route=\/wp\/v2\/users\/1"}],"replies":[{"embeddable":true,"href":"https:\/\/gloria-apotheke.de\/index.php?rest_route=%2Fwp%2Fv2%2Fcomments&post=1012"}],"version-history":[{"count":4,"href":"https:\/\/gloria-apotheke.de\/index.php?rest_route=\/wp\/v2\/pages\/1012\/revisions"}],"predecessor-version":[{"id":1199,"href":"https:\/\/gloria-apotheke.de\/index.php?rest_route=\/wp\/v2\/pages\/1012\/revisions\/1199"}],"wp:attachment":[{"href":"https:\/\/gloria-apotheke.de\/index.php?rest_route=%2Fwp%2Fv2%2Fmedia&parent=1012"}],"curies":[{"name":"wp","href":"https:\/\/api.w.org\/{rel}","templated":true}]}}